{"id":69,"date":"2020-01-27T08:05:29","date_gmt":"2020-01-27T08:05:29","guid":{"rendered":"https:\/\/demosites.io\/web-agency-gb\/?page_id=69"},"modified":"2022-01-03T17:51:22","modified_gmt":"2022-01-03T17:51:22","slug":"15c42-web-agency-gb-portfolio","status":"publish","type":"page","link":"https:\/\/www.toboweb.ch\/?page_id=69","title":{"rendered":"Projekte"},"content":{"rendered":"\n<div class=\"wp-block-media-text alignwide is-stacked-on-mobile\" style=\"grid-template-columns:16% auto\"><figure class=\"wp-block-media-text__media\"><a href=\"https:\/\/www.jp-dogschool.ch\/\" target=\"_blank\" rel=\"noopener\"><img fetchpriority=\"high\" decoding=\"async\" width=\"1024\" height=\"503\" src=\"https:\/\/toboweb.webcrew.ch\/wp-content\/uploads\/2022\/01\/jp-dogschool-startseite-icon-1024x503.jpg\" alt=\"\" class=\"wp-image-574 size-full\" srcset=\"https:\/\/www.toboweb.ch\/wp-content\/uploads\/2022\/01\/jp-dogschool-startseite-icon-1024x503.jpg 1024w, https:\/\/www.toboweb.ch\/wp-content\/uploads\/2022\/01\/jp-dogschool-startseite-icon-300x147.jpg 300w, https:\/\/www.toboweb.ch\/wp-content\/uploads\/2022\/01\/jp-dogschool-startseite-icon-768x377.jpg 768w, https:\/\/www.toboweb.ch\/wp-content\/uploads\/2022\/01\/jp-dogschool-startseite-icon-1536x754.jpg 1536w, https:\/\/www.toboweb.ch\/wp-content\/uploads\/2022\/01\/jp-dogschool-startseite-icon-1140x560.jpg 1140w, https:\/\/www.toboweb.ch\/wp-content\/uploads\/2022\/01\/jp-dogschool-startseite-icon.jpg 1639w\" sizes=\"(max-width: 1024px) 100vw, 1024px\" \/><\/a><\/figure><div class=\"wp-block-media-text__content\">\n<p class=\"has-small-font-size\"><strong><em><a rel=\"noreferrer noopener\" href=\"http:\/\/www.jp-dogschool.ch\" target=\"_blank\">JP Dogschool <\/a><\/em><\/strong>ist ein komplettes Neuprojekt vom Logo \u00fcber das Briefpapier bis zur Website.&nbsp;Interessenten k\u00f6nnen sich von (Hunde-) Beratungen bis zu Agilitykurse informieren. Die Redaktion der Texte fehlt noch.<\/p>\n<\/div><\/div>\n\n\n\n<div style=\"height:20px\" aria-hidden=\"true\" class=\"wp-block-spacer\"><\/div>\n\n\n\n<hr class=\"wp-block-separator\"\/>\n\n\n\n<div class=\"wp-block-media-text alignwide is-stacked-on-mobile\" style=\"grid-template-columns:16% auto\"><figure class=\"wp-block-media-text__media\"><img decoding=\"async\" width=\"856\" height=\"828\" src=\"https:\/\/toboweb.webcrew.ch\/wp-content\/uploads\/2022\/01\/5607dubach-icon.jpg\" alt=\"\" class=\"wp-image-593 size-full\" srcset=\"https:\/\/www.toboweb.ch\/wp-content\/uploads\/2022\/01\/5607dubach-icon.jpg 856w, https:\/\/www.toboweb.ch\/wp-content\/uploads\/2022\/01\/5607dubach-icon-300x290.jpg 300w, https:\/\/www.toboweb.ch\/wp-content\/uploads\/2022\/01\/5607dubach-icon-768x743.jpg 768w\" sizes=\"(max-width: 856px) 100vw, 856px\" \/><\/figure><div class=\"wp-block-media-text__content\">\n<p class=\"has-small-font-size\">5607dubach.ch begleitet \u00fcber vier Jahre den Umbau eines alten Bauernhauses mittels Bilder (Alben). Es dient auch als Werbeplattform f\u00fcr die Baufirma und wird medial mit Inseraten und redaktionellen Artikeln in der Lokalpresse kombiniert. (Das Haus ist heute ein Begegnungszentrum mit eigener Website)<\/p>\n<\/div><\/div>\n\n\n\n<hr class=\"wp-block-separator\"\/>\n\n\n\n<div class=\"wp-block-media-text alignwide is-stacked-on-mobile\" style=\"grid-template-columns:15% auto\"><figure class=\"wp-block-media-text__media\"><a href=\"http:\/\/www.landolt-ackeret.ch\/\" target=\"_blank\" rel=\"noopener\"><img decoding=\"async\" width=\"767\" height=\"589\" src=\"https:\/\/toboweb.webcrew.ch\/wp-content\/uploads\/2022\/01\/landolt-ackeret-icon.jpg\" alt=\"\" class=\"wp-image-591 size-full\" srcset=\"https:\/\/www.toboweb.ch\/wp-content\/uploads\/2022\/01\/landolt-ackeret-icon.jpg 767w, https:\/\/www.toboweb.ch\/wp-content\/uploads\/2022\/01\/landolt-ackeret-icon-300x230.jpg 300w\" sizes=\"(max-width: 767px) 100vw, 767px\" \/><\/a><\/figure><div class=\"wp-block-media-text__content\">\n<p class=\"has-small-font-size\"><strong><em><a href=\"http:\/\/www.landolt-ackeret.ch\">Landolt &amp; Ackeret <\/a><\/em><\/strong>hat die Zeichen der Zeit verstanden und mit uns eine Neukonzeption ihrer \u00fcberholten Website und ohne Suchbegriffe realisiert. Aktuelle Bauobjekte werden in einer separaten Fotogallerie auf dem neuesten Stand gehalten &nbsp;<\/p>\n<\/div><\/div>\n\n\n\n<hr class=\"wp-block-separator\"\/>\n\n\n\n<div class=\"wp-block-media-text alignwide is-stacked-on-mobile\" style=\"grid-template-columns:15% auto\"><figure class=\"wp-block-media-text__media\"><a href=\"http:\/\/www.fuesspracht.ch\/\" target=\"_blank\" rel=\"noopener\"><img loading=\"lazy\" decoding=\"async\" width=\"1024\" height=\"786\" src=\"https:\/\/toboweb.webcrew.ch\/wp-content\/uploads\/2021\/12\/fuesspracht-logo-1024x786.png\" alt=\"\" class=\"wp-image-563 size-full\" srcset=\"https:\/\/www.toboweb.ch\/wp-content\/uploads\/2021\/12\/fuesspracht-logo-1024x786.png 1024w, https:\/\/www.toboweb.ch\/wp-content\/uploads\/2021\/12\/fuesspracht-logo-300x230.png 300w, https:\/\/www.toboweb.ch\/wp-content\/uploads\/2021\/12\/fuesspracht-logo-768x590.png 768w, https:\/\/www.toboweb.ch\/wp-content\/uploads\/2021\/12\/fuesspracht-logo.png 1080w\" sizes=\"(max-width: 1024px) 100vw, 1024px\" \/><\/a><\/figure><div class=\"wp-block-media-text__content\">\n<p class=\"has-small-font-size\"><strong><em><a href=\"http:\/\/www.fuesspracht.ch\">fuesspracht<\/a> <\/em><\/strong>ist eine kleine statische Website f\u00fcr eine Pedik\u00fcrangebot. Interessenten k\u00f6nnen sich \u00fcber das Angebot informieren und Termine buchen. Es ist ein Corporate Auftrag.<\/p>\n<\/div><\/div>\n\n\n\n<hr class=\"wp-block-separator\"\/>\n\n\n\n<div class=\"wp-block-media-text alignwide is-stacked-on-mobile\" style=\"grid-template-columns:15% auto\"><figure class=\"wp-block-media-text__media\"><a href=\"http:\/\/www.bootswerft-merz.ch\/\" target=\"_blank\" rel=\"noopener\"><img loading=\"lazy\" decoding=\"async\" width=\"713\" height=\"495\" src=\"https:\/\/toboweb.webcrew.ch\/wp-content\/uploads\/2022\/01\/bootserft-merz_screenshot-home-icon.jpg\" alt=\"\" class=\"wp-image-595 size-full\" srcset=\"https:\/\/www.toboweb.ch\/wp-content\/uploads\/2022\/01\/bootserft-merz_screenshot-home-icon.jpg 713w, https:\/\/www.toboweb.ch\/wp-content\/uploads\/2022\/01\/bootserft-merz_screenshot-home-icon-300x208.jpg 300w\" sizes=\"(max-width: 713px) 100vw, 713px\" \/><\/a><\/figure><div class=\"wp-block-media-text__content\">\n<p class=\"has-small-font-size\">Die <em><strong><a rel=\"noreferrer noopener\" href=\"http:\/\/www.bootswerft-merz.ch\/\" target=\"_blank\">Bootswerft &amp; Yachtshop Ursus Merz <\/a><\/strong><\/em>ist eine traditionelle Handwerksfirma, die bis anhin wenig von Internet und E-Mail hielt. Firmeninhaber Ursus Merz erhofft sich aber durch diesen Auftritt vor allem eine Belebung des Yachtshops und des Bootshandels.<\/p>\n<\/div><\/div>\n\n\n\n<hr class=\"wp-block-separator\"\/>\n","protected":false},"excerpt":{"rendered":"<p>JP Dogschool ist ein komplettes Neuprojekt vom Logo \u00fcber das Briefpapier bis zur Website.&nbsp;Interessenten k\u00f6nnen sich von (Hunde-) Beratungen bis zu Agilitykurse informieren. Die Redaktion der Texte fehlt noch. 5607dubach.ch begleitet \u00fcber vier Jahre den Umbau eines alten Bauernhauses mittels Bilder (Alben). Es dient auch als Werbeplattform f\u00fcr die Baufirma und wird medial mit Inseraten und redaktionellen Artikeln in der Lokalpresse kombiniert. (Das Haus ist heute ein Begegnungszentrum mit eigener Website) Landolt &amp; Ackeret hat die Zeichen der Zeit verstanden und mit uns eine Neukonzeption ihrer \u00fcberholten Website und ohne Suchbegriffe realisiert. Aktuelle Bauobjekte werden in einer separaten Fotogallerie auf dem neuesten Stand gehalten &nbsp; fuesspracht ist eine kleine statische Website f\u00fcr eine Pedik\u00fcrangebot. Interessenten k\u00f6nnen sich \u00fcber das Angebot informieren und Termine buchen. Es ist ein Corporate Auftrag. Die Bootswerft &amp; Yachtshop Ursus Merz ist eine traditionelle Handwerksfirma, die bis anhin wenig von Internet und E-Mail hielt. Firmeninhaber Ursus Merz erhofft sich aber durch diesen Auftritt vor allem eine Belebung des Yachtshops und des Bootshandels.<\/p>\n","protected":false},"author":2,"featured_media":0,"parent":0,"menu_order":0,"comment_status":"closed","ping_status":"closed","template":"","meta":{"footnotes":""},"class_list":["post-69","page","type-page","status-publish","hentry"],"acf":[],"_links":{"self":[{"href":"https:\/\/www.toboweb.ch\/index.php?rest_route=\/wp\/v2\/pages\/69","targetHints":{"allow":["GET"]}}],"collection":[{"href":"https:\/\/www.toboweb.ch\/index.php?rest_route=\/wp\/v2\/pages"}],"about":[{"href":"https:\/\/www.toboweb.ch\/index.php?rest_route=\/wp\/v2\/types\/page"}],"author":[{"embeddable":true,"href":"https:\/\/www.toboweb.ch\/index.php?rest_route=\/wp\/v2\/users\/2"}],"replies":[{"embeddable":true,"href":"https:\/\/www.toboweb.ch\/index.php?rest_route=%2Fwp%2Fv2%2Fcomments&post=69"}],"version-history":[{"count":22,"href":"https:\/\/www.toboweb.ch\/index.php?rest_route=\/wp\/v2\/pages\/69\/revisions"}],"predecessor-version":[{"id":596,"href":"https:\/\/www.toboweb.ch\/index.php?rest_route=\/wp\/v2\/pages\/69\/revisions\/596"}],"wp:attachment":[{"href":"https:\/\/www.toboweb.ch\/index.php?rest_route=%2Fwp%2Fv2%2Fmedia&parent=69"}],"curies":[{"name":"wp","href":"https:\/\/api.w.org\/{rel}","templated":true}]}}