{"id":548,"date":"2021-12-30T14:10:56","date_gmt":"2021-12-30T14:10:56","guid":{"rendered":"https:\/\/toboweb.webcrew.ch\/?page_id=548"},"modified":"2024-08-17T15:46:51","modified_gmt":"2024-08-17T15:46:51","slug":"design","status":"publish","type":"page","link":"https:\/\/www.toboweb.ch\/?page_id=548","title":{"rendered":"Design"},"content":{"rendered":"\n<hr class=\"wp-block-separator\"\/>\n\n\n\n<div class=\"wp-block-media-text alignwide is-stacked-on-mobile\" style=\"grid-template-columns:16% auto\"><figure class=\"wp-block-media-text__media\"><a href=\"https:\/\/toboweb.webcrew.ch\/wp-content\/uploads\/2021\/12\/JP-Dogschool-Logo.jpg\"><img fetchpriority=\"high\" decoding=\"async\" width=\"711\" height=\"470\" src=\"https:\/\/toboweb.webcrew.ch\/wp-content\/uploads\/2021\/12\/JP-Dogschool-Logo.jpg\" alt=\"\" class=\"wp-image-562 size-full\" srcset=\"https:\/\/www.toboweb.ch\/wp-content\/uploads\/2021\/12\/JP-Dogschool-Logo.jpg 711w, https:\/\/www.toboweb.ch\/wp-content\/uploads\/2021\/12\/JP-Dogschool-Logo-300x198.jpg 300w, https:\/\/www.toboweb.ch\/wp-content\/uploads\/2021\/12\/JP-Dogschool-Logo-500x330.jpg 500w\" sizes=\"(max-width: 711px) 100vw, 711px\" \/><\/a><\/figure><div class=\"wp-block-media-text__content\">\n<p class=\"has-medium-font-size\"><strong><em><a rel=\"noreferrer noopener\" href=\"http:\/\/www.jp-dogschool.ch\" target=\"_blank\">JP-Dogschool<\/a><\/em><\/strong> ist das Logo einer Hunde-Website f\u00fcr (Hunde-)Beratungen bis zu Agilitykursen. <\/p>\n<\/div><\/div>\n\n\n\n<hr class=\"wp-block-separator\"\/>\n\n\n\n<div class=\"wp-block-media-text alignwide is-stacked-on-mobile\" style=\"grid-template-columns:15% auto\"><figure class=\"wp-block-media-text__media\"><a href=\"https:\/\/toboweb.webcrew.ch\/wp-content\/uploads\/2021\/12\/fuesspracht-logo.png\"><img decoding=\"async\" width=\"1024\" height=\"786\" src=\"https:\/\/toboweb.webcrew.ch\/wp-content\/uploads\/2021\/12\/fuesspracht-logo-1024x786.png\" alt=\"\" class=\"wp-image-563 size-full\" srcset=\"https:\/\/www.toboweb.ch\/wp-content\/uploads\/2021\/12\/fuesspracht-logo-1024x786.png 1024w, https:\/\/www.toboweb.ch\/wp-content\/uploads\/2021\/12\/fuesspracht-logo-300x230.png 300w, https:\/\/www.toboweb.ch\/wp-content\/uploads\/2021\/12\/fuesspracht-logo-768x590.png 768w, https:\/\/www.toboweb.ch\/wp-content\/uploads\/2021\/12\/fuesspracht-logo.png 1080w\" sizes=\"(max-width: 1024px) 100vw, 1024px\" \/><\/a><\/figure><div class=\"wp-block-media-text__content\">\n<p class=\"has-medium-font-size\"><strong><em><a rel=\"noreferrer noopener\" href=\"http:\/\/www.fuesspracht.ch\" target=\"_blank\">fuesspracht<\/a> <\/em><\/strong>ist das Logo einer Website zu einer Pedik\u00fcr-Neben- besch\u00e4ftigung. Die Farbe Pink und der Nagellack stehen f\u00fcr die trendige T\u00e4tigkeit. <\/p>\n<\/div><\/div>\n\n\n\n<hr class=\"wp-block-separator\"\/>\n\n\n\n<div class=\"wp-block-media-text alignwide is-stacked-on-mobile\" style=\"grid-template-columns:15% auto\"><figure class=\"wp-block-media-text__media\"><a href=\"https:\/\/toboweb.webcrew.ch\/wp-content\/uploads\/2021\/12\/Casa-di-Rodolfo-Logo.jpg\"><img decoding=\"async\" width=\"898\" height=\"403\" src=\"https:\/\/toboweb.webcrew.ch\/wp-content\/uploads\/2021\/12\/Casa-di-Rodolfo-Logo.jpg\" alt=\"\" class=\"wp-image-564 size-full\" srcset=\"https:\/\/www.toboweb.ch\/wp-content\/uploads\/2021\/12\/Casa-di-Rodolfo-Logo.jpg 898w, https:\/\/www.toboweb.ch\/wp-content\/uploads\/2021\/12\/Casa-di-Rodolfo-Logo-300x135.jpg 300w, https:\/\/www.toboweb.ch\/wp-content\/uploads\/2021\/12\/Casa-di-Rodolfo-Logo-768x345.jpg 768w\" sizes=\"(max-width: 898px) 100vw, 898px\" \/><\/a><\/figure><div class=\"wp-block-media-text__content\">\n<p class=\"has-medium-font-size\"><a rel=\"noreferrer noopener\" href=\"http:\/\/www.casa-di-rodolfo.ch\" target=\"_blank\"><strong><em>Casa di Rodolfo<\/em><\/strong><\/a> ist die Website eines Hausprojekts im Piemont. Die Besucher der Homepage sollen Zimmer reservieren k\u00f6nnen. Gleichzeitig ist noch ein Online-Weinshop integriert. <\/p>\n<\/div><\/div>\n\n\n\n<hr class=\"wp-block-separator\"\/>\n","protected":false},"excerpt":{"rendered":"<p>JP-Dogschool ist das Logo einer Hunde-Website f\u00fcr (Hunde-)Beratungen bis zu Agilitykursen. fuesspracht ist das Logo einer Website zu einer Pedik\u00fcr-Neben- besch\u00e4ftigung. Die Farbe Pink und der Nagellack stehen f\u00fcr die trendige T\u00e4tigkeit. Casa di Rodolfo ist die Website eines Hausprojekts im Piemont. Die Besucher der Homepage sollen Zimmer reservieren k\u00f6nnen. Gleichzeitig ist noch ein Online-Weinshop integriert.<\/p>\n","protected":false},"author":2,"featured_media":0,"parent":0,"menu_order":0,"comment_status":"closed","ping_status":"closed","template":"","meta":{"footnotes":""},"class_list":["post-548","page","type-page","status-publish","hentry"],"acf":[],"_links":{"self":[{"href":"https:\/\/www.toboweb.ch\/index.php?rest_route=\/wp\/v2\/pages\/548","targetHints":{"allow":["GET"]}}],"collection":[{"href":"https:\/\/www.toboweb.ch\/index.php?rest_route=\/wp\/v2\/pages"}],"about":[{"href":"https:\/\/www.toboweb.ch\/index.php?rest_route=\/wp\/v2\/types\/page"}],"author":[{"embeddable":true,"href":"https:\/\/www.toboweb.ch\/index.php?rest_route=\/wp\/v2\/users\/2"}],"replies":[{"embeddable":true,"href":"https:\/\/www.toboweb.ch\/index.php?rest_route=%2Fwp%2Fv2%2Fcomments&post=548"}],"version-history":[{"count":6,"href":"https:\/\/www.toboweb.ch\/index.php?rest_route=\/wp\/v2\/pages\/548\/revisions"}],"predecessor-version":[{"id":565,"href":"https:\/\/www.toboweb.ch\/index.php?rest_route=\/wp\/v2\/pages\/548\/revisions\/565"}],"wp:attachment":[{"href":"https:\/\/www.toboweb.ch\/index.php?rest_route=%2Fwp%2Fv2%2Fmedia&parent=548"}],"curies":[{"name":"wp","href":"https:\/\/api.w.org\/{rel}","templated":true}]}}